{"id":617,"date":"2014-06-16T13:00:23","date_gmt":"2014-06-16T10:00:23","guid":{"rendered":"http:\/\/www.beyazhosting.com\/tek\/?page_id=617"},"modified":"2025-01-25T21:43:06","modified_gmt":"2025-01-25T18:43:06","slug":"uye-kiliseler","status":"publish","type":"page","link":"http:\/\/www.protestankiliseler.org\/?page_id=617","title":{"rendered":"\u00dcye Kiliseler"},"content":{"rendered":"<p>[vc_row][vc_column][vc_single_image image=&#8221;1025&#8243; img_size=&#8221;full&#8221;][vc_accordion active_tab=&#8221;false&#8221;][vc_accordion_tab title=&#8221;Adana&#8221;][vc_column_text]<\/p>\n<ul>\n<li><a href=\"http:\/\/www.kurtulus.org.tr\/\" target=\"_blank\" rel=\"noopener noreferrer\">Adana Kurtulu\u015f Kilisesi<\/a><\/li>\n<li>\n<p class=\"p1\">Hayat Aile Kilise Derne\u011fi Adana Protestan Kilisesi<\/p>\n<\/li>\n<\/ul>\n<p>[\/vc_column_text][\/vc_accordion_tab][vc_accordion_tab title=&#8221;Ankara&#8221;][vc_column_text]<\/p>\n<ul>\n<li><a href=\"http:\/\/www.kurtulus.org.tr\/\" target=\"_blank\" rel=\"noopener noreferrer\">Ankara Kurtulu\u015f Kilisesi<\/a><\/li>\n<li><a href=\"http:\/\/www.ipcaturkey.org\/tr\/\">Ankara Uluslararas\u0131 Protestan Kilisesi (IPCA)<br \/>\n<\/a><\/li>\n<\/ul>\n<p>[\/vc_column_text][\/vc_accordion_tab][vc_accordion_tab title=&#8221;Antalya&#8221;][vc_column_text]<\/p>\n<ul>\n<li><a href=\"http:\/\/www.antalyaincilkilisesi.com\/\" target=\"_blank\" rel=\"noopener noreferrer\">Antalya \u0130ncil Kilisesi<\/a><\/li>\n<\/ul>\n<p>[\/vc_column_text][\/vc_accordion_tab][vc_accordion_tab title=&#8221;Ayd\u0131n&#8221;][vc_column_text]<\/p>\n<ul>\n<li>\n<p class=\"p1\">Ku\u015fadas\u0131 Efes Yeni Antla\u015fma Kilisesi<\/p>\n<\/li>\n<li class=\"p1\">Ku\u015fadas\u0131 Yeni Ya\u015fam Kilisesi<\/li>\n<\/ul>\n<p>[\/vc_column_text][\/vc_accordion_tab][vc_accordion_tab title=&#8221;Bal\u0131kesir&#8221;][vc_column_text]<a href=\"http:\/\/www.balikesirkilisesi.com\/\" target=\"_blank\" rel=\"noopener noreferrer\">Bal\u0131kesir Kilisesi<\/a>[\/vc_column_text][\/vc_accordion_tab][vc_accordion_tab title=&#8221;Bursa&#8221;][vc_column_text]<\/p>\n<ul>\n<li><a href=\"http:\/\/www.bursakilisesi.com\/\" target=\"_blank\" rel=\"noopener noreferrer\">Bursa Protestan Kilisesi<\/a><\/li>\n<\/ul>\n<p>[\/vc_column_text][\/vc_accordion_tab][vc_accordion_tab title=&#8221;\u00c7orum&#8221;][vc_column_text]<\/p>\n<ul>\n<li>\n<p class=\"p1\">\u00c7orum Kilisesi<\/p>\n<\/li>\n<\/ul>\n<p>[\/vc_column_text][\/vc_accordion_tab][vc_accordion_tab title=&#8221;Diyarbak\u0131r&#8221;][vc_column_text]<\/p>\n<ul>\n<li><a href=\"http:\/\/diyarbakirkilisesi.com\/\" target=\"_blank\" rel=\"noopener noreferrer\">Diyarbak\u0131r Protestan Kilisesi<\/a><\/li>\n<\/ul>\n<p>[\/vc_column_text][\/vc_accordion_tab][vc_accordion_tab title=&#8221;\u0130stanbul&#8221;][vc_column_text]<\/p>\n<ul>\n<li>\n<p class=\"p1\"><a href=\"http:\/\/www.agapeturk.com\/\">Agape Kilisesi<\/a><\/p>\n<\/li>\n<li>\n<p class=\"p1\">Ata\u015fehir Kurtulu\u015f Kilisesi<\/p>\n<\/li>\n<li>\n<p class=\"p1\"><a href=\"https:\/\/www.facebook.com\/uskudaryasamailekilisesi\/\">Avrasya Protestan Kiliseleri Vakf\u0131<\/a><\/p>\n<\/li>\n<li><a href=\"http:\/\/www.bahcelievlerkilisesi.com\/\" target=\"_blank\" rel=\"noopener noreferrer\">Bah\u00e7elievler Presbiteryen L\u00fctuf Kilisesi<\/a><\/li>\n<li>\n<p class=\"p1\">Bak\u0131rk\u00f6y Uiuslararas\u0131 Uyan\u0131\u015f Kilisesi<\/p>\n<\/li>\n<li>\n<p class=\"p1\"><a href=\"http:\/\/belirtilerveharikalar.org\/\">Belirtiler ve Harikalar Kilisesi<\/a><\/p>\n<\/li>\n<li><a href=\"http:\/\/www.besiktaskilisesi.net\/\" target=\"_blank\" rel=\"noopener noreferrer\">Be\u015fikta\u015f Protestan Kilisesi<\/a><\/li>\n<li>\n<p class=\"p1\">Beylikd\u00fcz\u00fc Kilisesi<\/p>\n<\/li>\n<li>\n<p class=\"p1\">Bible House<\/p>\n<\/li>\n<li><a href=\"http:\/\/www.dirisukilisesi.org\/\" target=\"_blank\" rel=\"noopener noreferrer\">Diri Su Kilisesi<\/a><\/li>\n<li>\n<p class=\"p1\">\u0130mmanuel Kilisesi<\/p>\n<\/li>\n<li>\n<p class=\"p1\">Kartal Protestan Kilisesi<\/p>\n<\/li>\n<li>\n<p class=\"p1\"><a href=\"http:\/\/kutkilisesi.com\/\">KUT Kilisesi<\/a><\/p>\n<\/li>\n<li>\n<p class=\"p1\">Kutsal Ya\u015fam Kilisesi<\/p>\n<\/li>\n<li>\n<p class=\"p1\"><a href=\"http:\/\/nehirkilisesi.com\/\">Nehir Kilisesi Vakf\u0131<\/a><\/p>\n<\/li>\n<li>\n<p class=\"p1\"><a href=\"http:\/\/diriliskilisesi.org\/\">Pera Dirili\u015f Kilisesi<\/a><\/p>\n<\/li>\n<li>\n<p class=\"p1\"><a href=\"http:\/\/www.sonbuyruk.com\">Son Buyruk Kilisesi<\/a><\/p>\n<\/li>\n<li>\n<p class=\"p1\"><a href=\"http:\/\/yasamkilisesi.com\/\">Ya\u015fam Kilisesi<\/a><\/p>\n<\/li>\n<li>\n<p class=\"p1\"><a href=\"https:\/\/www.facebook.com\/zeytinburnukilisesi\/\">Zeytinburnu \u0130sa Mesih \u0130nananlar\u0131 Kilisesi<\/a><\/p>\n<\/li>\n<\/ul>\n<p>[\/vc_column_text][\/vc_accordion_tab][vc_accordion_tab title=&#8221;\u0130zmir&#8221;][vc_column_text]<\/p>\n<ul>\n<li><a href=\"http:\/\/isikkilisesi.org.tr\/\">\u0130zmir I\u015f\u0131k Kilisesi Vakf\u0131<\/a><\/li>\n<li class=\"p1\">\u0130zmir \u0130zmir Dirili\u015f Kurtulu\u015f Kilisesi<\/li>\n<li class=\"p1\"><a href=\"http:\/\/yasayansozkilisesi.com\">\u0130zmir Bornova Ya\u015fayan S\u00f6z Kilisesi<\/a><\/li>\n<li class=\"p1\">\u0130zmir Agios Konstantinos\u00a0Kilisesi<\/li>\n<li class=\"p1\">\u0130zmir Karata\u015f Kilisesi<\/li>\n<li class=\"p1\">\u0130zmir Sel\u00e7uk Protestan Kilisesi<\/li>\n<li class=\"p1\"><a href=\"https:\/\/www.facebook.com\/torbalibaptistkilisesi\/\">\u0130zmir Torbal\u0131 Baptist Kilisesi<\/a><\/li>\n<li class=\"p1\">\u0130zmir Kar\u015f\u0131yaka Kurtulu\u015f\u00a0Kilisesi<\/li>\n<\/ul>\n<p>[\/vc_column_text][\/vc_accordion_tab][vc_accordion_tab title=&#8221;Kayseri&#8221;][vc_column_text]<\/p>\n<ul>\n<li>\n<p class=\"p1\">Anadolu Hristiyan Toplulu\u011fu Derne\u011fi<\/p>\n<\/li>\n<\/ul>\n<p>[\/vc_column_text][\/vc_accordion_tab][vc_accordion_tab title=&#8221;Malatya&#8221;][vc_column_text]<\/p>\n<ul>\n<li>Malatya Kurtulu\u015f Kilisesi<\/li>\n<\/ul>\n<p>[\/vc_column_text][\/vc_accordion_tab][vc_accordion_tab title=&#8221;Mardin&#8221;][vc_column_text]<\/p>\n<ul>\n<li>\n<p class=\"p1\">Mardin Protestan Kilisesi<\/p>\n<\/li>\n<\/ul>\n<p>[\/vc_column_text][\/vc_accordion_tab][vc_accordion_tab title=&#8221;Mersin&#8221;][vc_column_text]<\/p>\n<ul>\n<li>Mersin Protestan Kilisesi<\/li>\n<li>Mersin Klikya Toplulu\u011fu<\/li>\n<\/ul>\n<p>[\/vc_column_text][\/vc_accordion_tab][vc_accordion_tab title=&#8221;Mu\u011fla&#8221;][vc_column_text]<\/p>\n<ul>\n<li>\n<p class=\"p1\">Anadolu Protestan Kiliseleri Derne\u011fi<\/p>\n<\/li>\n<\/ul>\n<p>[\/vc_column_text][\/vc_accordion_tab][vc_accordion_tab title=&#8221;Samsun&#8221;][vc_column_text]<\/p>\n<ul>\n<li class=\"p1\">Protestan Kiliseler Vakf\u0131<\/li>\n<\/ul>\n<p>[\/vc_column_text][\/vc_accordion_tab][vc_accordion_tab title=&#8221;\u015eanl\u0131urfa&#8221;][vc_column_text]<\/p>\n<ul>\n<li><a href=\"http:\/\/facebook.com\/SurucKilisesi\/\">Suru\u00e7 Kilisesi<\/a><\/li>\n<\/ul>\n<p>\u260e\ufe0f: GSM \/ WhatsApp: 0543 386 45 89[\/vc_column_text][\/vc_accordion_tab][vc_accordion_tab title=&#8221;Van&#8221;][vc_column_text]<\/p>\n<ul>\n<li><a href=\"https:\/\/www.facebook.com\/vanprotestan\/\">Van Kurtulu\u015f Kilisesi<\/a><\/li>\n<\/ul>\n<p>[\/vc_column_text][\/vc_accordion_tab][vc_accordion_tab title=&#8221;Yalova&#8221;][vc_column_text]<\/p>\n<ul>\n<li><a href=\"http:\/\/www.yalovakilisesi.com\" target=\"_blank\" rel=\"noopener noreferrer\">\u00a0Yalova I\u015f\u0131k Kilisesi<\/a><\/li>\n<\/ul>\n<p>[\/vc_column_text][\/vc_accordion_tab][\/vc_accordion][\/vc_column][\/vc_row]<\/p>\n","protected":false},"excerpt":{"rendered":"<p>[vc_row][vc_column][vc_single_image image=&#8221;1025&#8243; img_size=&#8221;full&#8221;][vc_accordion active_tab=&#8221;false&#8221;][vc_accordion_tab title=&#8221;Adana&#8221;][vc_column_text] Adana Kurtulu\u015f Kilisesi Hayat Aile Kilise Derne\u011fi Adana Protestan Kilisesi [\/vc_column_text][\/vc_accordion_tab][vc_accordion_tab title=&#8221;Ankara&#8221;][vc_column_text] Ankara Kurtulu\u015f Kilisesi Ankara Uluslararas\u0131 Protestan Kilisesi (IPCA) [\/vc_column_text][\/vc_accordion_tab][vc_accordion_tab title=&#8221;Antalya&#8221;][vc_column_text] Antalya \u0130ncil Kilisesi [\/vc_column_text][\/vc_accordion_tab][vc_accordion_tab title=&#8221;Ayd\u0131n&#8221;][vc_column_text] Ku\u015fadas\u0131 Efes Yeni Antla\u015fma Kilisesi Ku\u015fadas\u0131 Yeni Ya\u015fam Kilisesi [\/vc_column_text][\/vc_accordion_tab][vc_accordion_tab title=&#8221;Bal\u0131kesir&#8221;][vc_column_text]Bal\u0131kesir Kilisesi[\/vc_column_text][\/vc_accordion_tab][vc_accordion_tab title=&#8221;Bursa&#8221;][vc_column_text] Bursa Protestan Kilisesi [\/vc_column_text][\/vc_accordion_tab][vc_accordion_tab title=&#8221;\u00c7orum&#8221;][vc_column_text] \u00c7orum Kilisesi [\/vc_column_text][\/vc_accordion_tab][vc_accordion_tab title=&#8221;Diyarbak\u0131r&#8221;][vc_column_text] Diyarbak\u0131r [&hellip;]<\/p>\n","protected":false},"author":1,"featured_media":0,"parent":0,"menu_order":0,"comment_status":"open","ping_status":"open","template":"","meta":{"_genesis_hide_title":false,"_genesis_hide_breadcrumbs":false,"_genesis_hide_singular_image":false,"_genesis_hide_footer_widgets":false,"_genesis_custom_body_class":"","_genesis_custom_post_class":"","_genesis_layout":""},"_links":{"self":[{"href":"http:\/\/www.protestankiliseler.org\/index.php?rest_route=\/wp\/v2\/pages\/617"}],"collection":[{"href":"http:\/\/www.protestankiliseler.org\/index.php?rest_route=\/wp\/v2\/pages"}],"about":[{"href":"http:\/\/www.protestankiliseler.org\/index.php?rest_route=\/wp\/v2\/types\/page"}],"author":[{"embeddable":true,"href":"http:\/\/www.protestankiliseler.org\/index.php?rest_route=\/wp\/v2\/users\/1"}],"replies":[{"embeddable":true,"href":"http:\/\/www.protestankiliseler.org\/index.php?rest_route=%2Fwp%2Fv2%2Fcomments&post=617"}],"version-history":[{"count":46,"href":"http:\/\/www.protestankiliseler.org\/index.php?rest_route=\/wp\/v2\/pages\/617\/revisions"}],"predecessor-version":[{"id":1127,"href":"http:\/\/www.protestankiliseler.org\/index.php?rest_route=\/wp\/v2\/pages\/617\/revisions\/1127"}],"wp:attachment":[{"href":"http:\/\/www.protestankiliseler.org\/index.php?rest_route=%2Fwp%2Fv2%2Fmedia&parent=617"}],"curies":[{"name":"wp","href":"https:\/\/api.w.org\/{rel}","templated":true}]}}