{"id":684,"date":"2014-06-26T14:00:38","date_gmt":"2014-06-26T11:00:38","guid":{"rendered":"http:\/\/www.beyazhosting.com\/tek\/?page_id=684"},"modified":"2014-06-26T14:04:51","modified_gmt":"2014-06-26T11:04:51","slug":"inanc-bildirgesi","status":"publish","type":"page","link":"http:\/\/www.protestankiliseler.org\/?page_id=684","title":{"rendered":"Ortak \u0130nan\u00e7 Bildirgesi"},"content":{"rendered":"<h3><\/h3>\n<h3>TEK TANRI<\/h3>\n<p>Baba (G\u00f6r\u00fcnmez \u00f6z), O\u011ful (Tanr\u0131sal S\u00f6z) ve Kutsal Ruh (Tanr\u0131sal \u0130\u015flev)\u2019tan olu\u015fan ve \u00fc\u00e7\u00fcn\u00fcn de \u00f6zde bir oldu\u011fu, Tek Tanr\u0131\u2019n\u0131n evreni yaratmak, kay\u0131rmak ve kendi varl\u0131\u011f\u0131n\u0131 a\u00e7\u0131klamak, insanlar\u0131 kurtarmak ve d\u00fcnyan\u0131n sonunda yarg\u0131lamak konusundaki mutlak kudretine, sonsuz l\u00fctfuna inan\u0131rlar.<\/p>\n<blockquote><p>\u201c\u2026. bizim i\u00e7in tek bir Tanr\u0131 Baba vard\u0131r. O her \u015feyin kayna\u011f\u0131d\u0131r, bizler O\u2019nun i\u00e7in ya\u015f\u0131yoruz. tek bir Rab var, O\u2019da \u0130sa Mesih\u2019tir. Her \u015fey onun arac\u0131l\u0131\u011f\u0131yla yarat\u0131ld\u0131, biz de O\u2019nun arac\u0131l\u0131\u011f\u0131yla ya\u015f\u0131yoruz\u201d 1.Korintliler 8:6.<br \/>\n\u201cDinle ey \u0130srail! Tanr\u0131m\u0131z RAB tek RAB\u2019dir.\u201d Yasan\u0131n Tekrar\u0131 (Tesniye) 6:4.<\/p><\/blockquote>\n<h3>TEK K\u0130TAP<\/h3>\n<p>Kutsal Kitap\u2019\u0131n ba\u015ftan sona dek Tanr\u0131 esini oldu\u011funa inan\u0131r ve bu nedenle inan\u00e7 ve uygulamalarla ilgili her konuda g\u00fcvenilir en \u00fcst\u00fcn kaynak oldu\u011funu kabul ederler.<\/p>\n<blockquote><p>\u201c\u00d6ncelikle \u015funu bilin ki, Kutsal Yaz\u0131lar\u2019daki hi\u00e7bir peygamberlik s\u00f6z\u00fc kimsenin \u00f6zel yorumu de\u011fildir. \u00c7\u00fcnk\u00fc hi\u00e7bir peygamberlik s\u00f6z\u00fc insan iste\u011finden kaynaklanmad\u0131. Kutsal Ruh taraf\u0131ndan y\u00f6neltilen insanlar Tanr\u0131\u2019n\u0131n s\u00f6zlerini ilettiler.\u201d 2.Petrus 1:20-21<\/p><\/blockquote>\n<h3>TEK SORUN<\/h3>\n<p>B\u00fct\u00fcn insanlar g\u00fcnahl\u0131d\u0131r ve Tanr\u0131\u2019n\u0131n y\u00fcceli\u011finden yoksundurlar. \u00d6zg\u00fcr iradelerini Tanr\u0131 do\u011fas\u0131n\u0131n aksine kullanm\u0131\u015flard\u0131r. Bu nedenle Tanr\u0131\u2019n\u0131n y\u00fczde y\u00fcz adaleti \u00f6n\u00fcnde h\u00fck\u00fcm alt\u0131ndad\u0131rlar.<\/p>\n<blockquote><p>\u201cG\u00fcnah bir insan arac\u0131l\u0131\u011f\u0131yla, \u00f6l\u00fcm de g\u00fcnah arac\u0131l\u0131\u011f\u0131yla d\u00fcnyaya girdi. B\u00f6ylece \u00f6l\u00fcm b\u00fct\u00fcn insanlara yay\u0131ld\u0131. \u00c7\u00fcnk\u00fc hepsi g\u00fcnah i\u015fledi.\u201d Romal\u0131lar 5:12.<\/p><\/blockquote>\n<h3>TEK KURTULU\u015e<\/h3>\n<p>Tanr\u0131\u2019n\u0131n ba\u015flang\u0131c\u0131 ve sonu olmayan S\u00f6z\u00fc, Tanr\u0131\u2019n\u0131n adaletinde oldu\u011fu gibi y\u00fczde y\u00fcz sevgi olmas\u0131 nedeni ile \u00e7\u00f6z\u00fcm olarak insan bedeninde d\u00fcnyaya gelmi\u015ftir. Bu bedendeki S\u00f6z \u0130sa Mesih\u2019tir. Tanr\u0131\u2019n\u0131n o\u011flu olan (Ruhsal anlamda) \u0130sa Mesih insanlar\u0131n g\u00fcnahlar\u0131n\u0131 ba\u011f\u0131\u015flat\u0131c\u0131 kurban olarak \u00e7arm\u0131hta \u00f6lm\u00fc\u015f, \u00fc\u00e7\u00fcnc\u00fc g\u00fcn dirilerek g\u00f6\u011fe \u00e7\u0131km\u0131\u015ft\u0131r. \u0130nsanlar\u0131 g\u00fcnahtan kurtarmak i\u00e7in tamamen yeterli tek \u00e7aredir. O\u2019nun kan\u0131nda b\u00fct\u00fcn g\u00fcnahlar\u0131ndan ar\u0131nan insan yepyeni bir ya\u015fama ba\u015flar.<\/p>\n<blockquote><p>\u201cBa\u015fka hi\u00e7 kimsede kurtulu\u015f yoktur. Bu g\u00f6\u011f\u00fcn alt\u0131nda insanlara ba\u011f\u0131\u015flanm\u0131\u015f, bizi kurtarabilecek ba\u015fka hi\u00e7bir ad yoktur.\u201d El\u00e7ilerin \u0130\u015fleri 4:12<br \/>\n\u201cO\u011ful\u2019a iman edenin sonsuz ya\u015fam\u0131 vard\u0131r. Ama O\u011ful\u2019un s\u00f6z\u00fcn\u00fc dinlemeyen ya\u015fam\u0131 g\u00f6rmeyecektir. Tanr\u0131\u2019n\u0131n gazab\u0131 b\u00f6ylesinin \u00fczerinde kal\u0131r.\u201d Yuhanna 3:36.<\/p><\/blockquote>\n<h3>TEK L\u00dcTUF<\/h3>\n<p>G\u00fcnahkar insan ancak \u00e7arm\u0131ha gerilmi\u015f ve \u00f6l\u00fcmden dirilmi\u015f olan \u0130sa Mesih\u2019e iman etmekle yani Tanr\u0131\u2019n\u0131n l\u00fctfuyla aklan\u0131r ve sonsuz ya\u015fam\u0131 al\u0131r.<\/p>\n<blockquote><p>\u201c\u0130man yoluyla, l\u00fctufla kurtuldunuz. Bu sizin ba\u015far\u0131n\u0131z de\u011fil, Tanr\u0131\u2019n\u0131n arma\u011fan\u0131d\u0131r. Kimsenin \u00f6v\u00fcnmemesi i\u00e7in iyi i\u015flerin \u00f6d\u00fcl\u00fc de\u011fildir.\u201d Efesliler 2:8-9.<br \/>\n\u201cKemdisinde Tanr\u0131 O\u011flu bulunanda ya\u015fam vard\u0131r, kendisinde Tanr\u0131 O\u011flu bulunmayanda ya\u015fam yoktur.\u201d 1.Yuhanna 5:12.<\/p><\/blockquote>\n<h3>TEK RUH<\/h3>\n<p>\u0130nsan\u0131 ayd\u0131nlatan, ruhunu yenileyen, i\u00e7inde ya\u015fayan ve ki\u015fiyi kutsall\u0131\u011fa d\u00f6n\u00fc\u015ft\u00fcren tek bir RUH vard\u0131r. Tanr\u0131\u2019n\u0131n Kutsal Ruh\u2019u Pentekos g\u00fcn\u00fcnden bu yana insana kurtulu\u015fu i\u00e7in \u00f6zel bir destek vermektedir.<\/p>\n<blockquote><p>\u201c\u0130ster Yahudi ister Grek, ister k\u00f6le ister \u00f6zg\u00fcr olal\u0131m, hepimiz bir beden olmak \u00fczere ayn\u0131 Ruh\u2019ta vaftiz edildik ve hepimizin ayn\u0131 Ruh\u2019tan i\u00e7mesi sa\u011fland\u0131.\u201d 1.Korintliler 12:13.<\/p><\/blockquote>\n<h3>TEK BEDEN<\/h3>\n<p>\u0130sa Mesih\u2019i Kurtar\u0131c\u0131 ve Rab kabul eden her ki\u015fi Rabbin toplulu\u011funa (Kilisesine) di\u011fer bir anlamda bedenine dahil olur. Bu inanl\u0131lar toplulu\u011funun ba\u015f\u0131 \u0130SA MES\u0130H olup bir \u00fcmit, bir beden, bir ruh ve bir vaftizde birle\u015fmi\u015f \u0130sa\u2019ya benzeyen (H\u0131ristiyan) olarak evrensel toplulu\u011fa (Kiliseye) dahil olur.<\/p>\n<blockquote><p>\u201cBeden bir olmakla birlikte bir\u00e7ok \u00fcyeden olu\u015fur ve \u00e7ok say\u0131daki bu \u00fcyelerin hepsi tek bir beden olu\u015fturur. Mesih de b\u00f6yledir.\u201d 1.Korintliler 12:12.<\/p><\/blockquote>\n<h3>TEK SON<\/h3>\n<p>Rab \u0130sa Mesih d\u00fcnyan\u0131n sonunda, inananlar\u0131n\u0131 almak, d\u00fcnyay\u0131 yarg\u0131lamak ve sonsuz egemenlik s\u00fcrmek \u00fczere yeniden gelecektir.<\/p>\n<blockquote><p>\u201c\u00d6yle ki, Rabbimiz \u0130sa b\u00fct\u00fcn kutsallar\u0131yla geldi\u011finde, Babam\u0131z Tanr\u0131\u2019n\u0131n \u00f6n\u00fcnde kutsall\u0131kta kusursuz olman\u0131z i\u00e7in y\u00fcreklerinizi peki\u015ftirsin.\u201d 1.Selanikliler 3:13.<\/p><\/blockquote>\n","protected":false},"excerpt":{"rendered":"<p>TEK TANRI Baba (G\u00f6r\u00fcnmez \u00f6z), O\u011ful (Tanr\u0131sal S\u00f6z) ve Kutsal Ruh (Tanr\u0131sal \u0130\u015flev)\u2019tan olu\u015fan ve \u00fc\u00e7\u00fcn\u00fcn de \u00f6zde bir oldu\u011fu, Tek Tanr\u0131\u2019n\u0131n evreni yaratmak, kay\u0131rmak ve kendi varl\u0131\u011f\u0131n\u0131 a\u00e7\u0131klamak, insanlar\u0131 kurtarmak ve d\u00fcnyan\u0131n sonunda yarg\u0131lamak konusundaki mutlak kudretine, sonsuz l\u00fctfuna inan\u0131rlar. \u201c\u2026. bizim i\u00e7in tek bir Tanr\u0131 Baba vard\u0131r. O her \u015feyin kayna\u011f\u0131d\u0131r, bizler O\u2019nun [&hellip;]<\/p>\n","protected":false},"author":1,"featured_media":0,"parent":0,"menu_order":0,"comment_status":"open","ping_status":"open","template":"","meta":{"_genesis_hide_title":false,"_genesis_hide_breadcrumbs":false,"_genesis_hide_singular_image":false,"_genesis_hide_footer_widgets":false,"_genesis_custom_body_class":"","_genesis_custom_post_class":"","_genesis_layout":""},"_links":{"self":[{"href":"http:\/\/www.protestankiliseler.org\/index.php?rest_route=\/wp\/v2\/pages\/684"}],"collection":[{"href":"http:\/\/www.protestankiliseler.org\/index.php?rest_route=\/wp\/v2\/pages"}],"about":[{"href":"http:\/\/www.protestankiliseler.org\/index.php?rest_route=\/wp\/v2\/types\/page"}],"author":[{"embeddable":true,"href":"http:\/\/www.protestankiliseler.org\/index.php?rest_route=\/wp\/v2\/users\/1"}],"replies":[{"embeddable":true,"href":"http:\/\/www.protestankiliseler.org\/index.php?rest_route=%2Fwp%2Fv2%2Fcomments&post=684"}],"version-history":[{"count":8,"href":"http:\/\/www.protestankiliseler.org\/index.php?rest_route=\/wp\/v2\/pages\/684\/revisions"}],"predecessor-version":[{"id":692,"href":"http:\/\/www.protestankiliseler.org\/index.php?rest_route=\/wp\/v2\/pages\/684\/revisions\/692"}],"wp:attachment":[{"href":"http:\/\/www.protestankiliseler.org\/index.php?rest_route=%2Fwp%2Fv2%2Fmedia&parent=684"}],"curies":[{"name":"wp","href":"https:\/\/api.w.org\/{rel}","templated":true}]}}