{"id":638,"date":"2014-06-17T13:10:43","date_gmt":"2014-06-17T10:10:43","guid":{"rendered":"http:\/\/www.beyazhosting.com\/tek\/?page_id=638"},"modified":"2014-06-17T13:41:04","modified_gmt":"2014-06-17T10:41:04","slug":"raporlar","status":"publish","type":"page","link":"https:\/\/www.protestankiliseler.org\/?page_id=638","title":{"rendered":"Raporlar"},"content":{"rendered":"<p>[vc_row][vc_column][vc_single_image image=&#8221;649&#8243; border_color=&#8221;grey&#8221; img_link_target=&#8221;_self&#8221; css=&#8221;.vc_custom_1403001193815{margin-bottom: 0px !important;border-bottom-width: 0px !important;padding-bottom: 0px !important;}&#8221; img_size=&#8221;225&#215;61&#8243;][vc_column_text]<ul class=\"lcp_catlist\"><li><a href=\"https:\/\/www.protestankiliseler.org\/?p=1102\">2022 Human Rights Violations Report<\/a> -  23 Haziran 2023<\/li><li><a href=\"https:\/\/www.protestankiliseler.org\/?p=1096\">2022\u00a0  Hak\u00a0 \u0130hlalleri \u00a0  \u0130zleme\u00a0 Raporu<\/a> -  23 Haziran 2023<\/li><li><a href=\"https:\/\/www.protestankiliseler.org\/?p=1075\">2021 Protestant Community Rights Violation Report<\/a> -  18 Mart 2022<\/li><li><a href=\"https:\/\/www.protestankiliseler.org\/?p=1072\">2021 Hak \u0130hlalleri \u0130zleme Raporu<\/a> -  18 Mart 2022<\/li><li><a href=\"https:\/\/www.protestankiliseler.org\/?p=1034\">2020 Hak \u0130hlalleri \u0130zleme Raporu<\/a> -  24 \u015eubat 2021<\/li><li><a href=\"https:\/\/www.protestankiliseler.org\/?p=1038\">2020 Human Rights Violations Report<\/a> -  24 \u015eubat 2021<\/li><li><a href=\"https:\/\/www.protestankiliseler.org\/?p=959\">2019  Human Rights Violations Report<\/a> -  6 Mart 2020<\/li><li><a href=\"https:\/\/www.protestankiliseler.org\/?p=957\">2019  Hak  \u0130hlalleri   \u0130zleme Raporu<\/a> -  6 Mart 2020<\/li><li><a href=\"https:\/\/www.protestankiliseler.org\/?p=882\">2018 Hak \u0130hlalleri \u0130zleme Raporu<\/a> -  20 \u015eubat 2019<\/li><li><a href=\"https:\/\/www.protestankiliseler.org\/?p=860\">2017 Hak \u0130hlalleri \u0130zleme Raporu<\/a> -  30 Ocak 2018<\/li><li><a href=\"https:\/\/www.protestankiliseler.org\/?p=855\">2016 Hak \u0130hlalleri \u0130zleme Raporu<\/a> -  30 Ocak 2017<\/li><li><a href=\"https:\/\/www.protestankiliseler.org\/?p=822\">2015 Hak \u0130hlalleri \u0130zleme Raporu<\/a> -  30 Ocak 2016<\/li><li><a href=\"https:\/\/www.protestankiliseler.org\/?p=802\">\u0130badet Yeri Raporu<\/a> -  4 Nisan 2015<\/li><li><a href=\"https:\/\/www.protestankiliseler.org\/?p=787\">2014 Hak \u0130hlalleri Raporu<\/a> -  7 Ocak 2015<\/li><li><a href=\"https:\/\/www.protestankiliseler.org\/?p=774\">Hakk\u0131n\u0131 Bil, Hakk\u0131n\u0131 Kullan, Hakk\u0131n\u0131 Ara<\/a> -  9 Eyl\u00fcl 2014<\/li><li><a href=\"https:\/\/www.protestankiliseler.org\/?p=716\">2013 Hak \u0130hlalleri \u0130zleme Raporu<\/a> -  28 Ocak 2014<\/li><li><a href=\"https:\/\/www.protestankiliseler.org\/?p=725\">Kilise Dernekleri Rehberi<\/a> -  7 Temmuz 2013<\/li><li><a href=\"https:\/\/www.protestankiliseler.org\/?p=635\">2012 Hak \u0130hlalleri \u0130zleme Raporu<\/a> -  15 Ocak 2013<\/li><li><a href=\"https:\/\/www.protestankiliseler.org\/?p=723\">Protestan Kiliseleri&#8217;nin Anayasa \u00d6nerisi<\/a> -  30 Mart 2012<\/li><li><a href=\"https:\/\/www.protestankiliseler.org\/?p=629\">2011 Hak \u0130hlalleri \u0130zleme Raporu<\/a> -  16 Ocak 2012<\/li><li><a href=\"https:\/\/www.protestankiliseler.org\/?p=749\">2010 Hak \u0130hlalleri \u0130zleme Raporu<\/a> -  10 Ocak 2011<\/li><li><a href=\"https:\/\/www.protestankiliseler.org\/?p=730\">2010 T\u00fcrkiye&#8217;deki Protestanlar&#8217;\u0131n Yasal ve Sosyal Sorunlar\u0131<\/a> -  7 Eyl\u00fcl 2010<\/li><li><a href=\"https:\/\/www.protestankiliseler.org\/?p=746\">2009 Hak \u0130hlalleri \u0130zleme Raporu<\/a> -  30 Ocak 2010<\/li><li><a href=\"https:\/\/www.protestankiliseler.org\/?p=740\">2008 T\u00fcrkiye&#8217;deki Protestan Cemaatin \u0130badet Yeri Sorunu<\/a> -  7 Kas\u0131m 2008<\/li><li><a href=\"https:\/\/www.protestankiliseler.org\/?p=734\">2007 Hak \u0130hlalleri \u0130zleme Raporu<\/a> -  7 Ocak 2008<\/li><li><a href=\"https:\/\/www.protestankiliseler.org\/?p=732\">2006 T\u00fcrkiye\u2019deki Protestanlar\u2019\u0131n Haklar\u0131 ve \u00d6devleri<\/a> -  7 Ocak 2007<\/li><\/ul>[\/vc_column_text][\/vc_column][\/vc_row]<\/p>\n","protected":false},"excerpt":{"rendered":"<p>[vc_row][vc_column][vc_single_image image=&#8221;649&#8243; border_color=&#8221;grey&#8221; img_link_target=&#8221;_self&#8221; css=&#8221;.vc_custom_1403001193815{margin-bottom: 0px !important;border-bottom-width: 0px !important;padding-bottom: 0px !important;}&#8221; img_size=&#8221;225&#215;61&#8243;][vc_column_text][\/vc_column_text][\/vc_column][\/vc_row]<\/p>\n","protected":false},"author":1,"featured_media":0,"parent":0,"menu_order":0,"comment_status":"open","ping_status":"open","template":"","meta":{"_genesis_hide_title":false,"_genesis_hide_breadcrumbs":false,"_genesis_hide_singular_image":false,"_genesis_hide_footer_widgets":false,"_genesis_custom_body_class":"","_genesis_custom_post_class":"","_genesis_layout":""},"_links":{"self":[{"href":"https:\/\/www.protestankiliseler.org\/index.php?rest_route=\/wp\/v2\/pages\/638"}],"collection":[{"href":"https:\/\/www.protestankiliseler.org\/index.php?rest_route=\/wp\/v2\/pages"}],"about":[{"href":"https:\/\/www.protestankiliseler.org\/index.php?rest_route=\/wp\/v2\/types\/page"}],"author":[{"embeddable":true,"href":"https:\/\/www.protestankiliseler.org\/index.php?rest_route=\/wp\/v2\/users\/1"}],"replies":[{"embeddable":true,"href":"https:\/\/www.protestankiliseler.org\/index.php?rest_route=%2Fwp%2Fv2%2Fcomments&post=638"}],"version-history":[{"count":17,"href":"https:\/\/www.protestankiliseler.org\/index.php?rest_route=\/wp\/v2\/pages\/638\/revisions"}],"predecessor-version":[{"id":658,"href":"https:\/\/www.protestankiliseler.org\/index.php?rest_route=\/wp\/v2\/pages\/638\/revisions\/658"}],"wp:attachment":[{"href":"https:\/\/www.protestankiliseler.org\/index.php?rest_route=%2Fwp%2Fv2%2Fmedia&parent=638"}],"curies":[{"name":"wp","href":"https:\/\/api.w.org\/{rel}","templated":true}]}}