{"id":919,"date":"2019-09-19T00:19:34","date_gmt":"2019-09-18T21:19:34","guid":{"rendered":"http:\/\/www.protestankiliseler.org\/?page_id=919"},"modified":"2024-10-15T14:46:22","modified_gmt":"2024-10-15T11:46:22","slug":"protestan-kiliseler-dernegi-yonetim-kurulu","status":"publish","type":"page","link":"https:\/\/www.protestankiliseler.org\/?page_id=919","title":{"rendered":"Protestan Kiliseler Derne\u011fi Y\u00f6netim Kurulu"},"content":{"rendered":"\r\n<p><strong>T\u00fcrkiye Protestan Kiliseler Derne\u011fi Y\u00f6netim Kurulu:<\/strong><\/p>\r\n\r\n\r\n\r\n<p><strong>Y\u00f6netim Kurulu Ba\u015fkan\u0131:<\/strong>Ramazan Arkan<\/p>\r\n\r\n\r\n\r\n<p><strong>Y\u00f6netim Kurulu \u00dcyeleri:<\/strong>Ahmet G\u00fcvener, U\u011fur Mutlu, Hatice Yavuz Y\u0131lmaz, Mesut \u00c7ift\u00e7i<\/p>\r\n","protected":false},"excerpt":{"rendered":"<p>T\u00fcrkiye Protestan Kiliseler Derne\u011fi Y\u00f6netim Kurulu: Y\u00f6netim Kurulu Ba\u015fkan\u0131:Ramazan Arkan Y\u00f6netim Kurulu \u00dcyeleri:Ahmet G\u00fcvener, U\u011fur Mutlu, Hatice Yavuz Y\u0131lmaz, Mesut \u00c7ift\u00e7i<\/p>\n","protected":false},"author":3,"featured_media":0,"parent":0,"menu_order":0,"comment_status":"closed","ping_status":"closed","template":"","meta":{"_genesis_hide_title":false,"_genesis_hide_breadcrumbs":false,"_genesis_hide_singular_image":false,"_genesis_hide_footer_widgets":false,"_genesis_custom_body_class":"","_genesis_custom_post_class":"","_genesis_layout":""},"_links":{"self":[{"href":"https:\/\/www.protestankiliseler.org\/index.php?rest_route=\/wp\/v2\/pages\/919"}],"collection":[{"href":"https:\/\/www.protestankiliseler.org\/index.php?rest_route=\/wp\/v2\/pages"}],"about":[{"href":"https:\/\/www.protestankiliseler.org\/index.php?rest_route=\/wp\/v2\/types\/page"}],"author":[{"embeddable":true,"href":"https:\/\/www.protestankiliseler.org\/index.php?rest_route=\/wp\/v2\/users\/3"}],"replies":[{"embeddable":true,"href":"https:\/\/www.protestankiliseler.org\/index.php?rest_route=%2Fwp%2Fv2%2Fcomments&post=919"}],"version-history":[{"count":2,"href":"https:\/\/www.protestankiliseler.org\/index.php?rest_route=\/wp\/v2\/pages\/919\/revisions"}],"predecessor-version":[{"id":1112,"href":"https:\/\/www.protestankiliseler.org\/index.php?rest_route=\/wp\/v2\/pages\/919\/revisions\/1112"}],"wp:attachment":[{"href":"https:\/\/www.protestankiliseler.org\/index.php?rest_route=%2Fwp%2Fv2%2Fmedia&parent=919"}],"curies":[{"name":"wp","href":"https:\/\/api.w.org\/{rel}","templated":true}]}}